{"id":2201,"date":"2025-08-12T15:09:17","date_gmt":"2025-08-12T13:09:17","guid":{"rendered":"https:\/\/msp.surany.sk\/?page_id=2201"},"modified":"2025-08-12T17:07:58","modified_gmt":"2025-08-12T15:07:58","slug":"odkaz-nacelnikovi","status":"publish","type":"page","link":"https:\/\/msp.surany.sk\/index.php\/odkaz-nacelnikovi\/","title":{"rendered":"Odkaz n\u00e1\u010deln\u00edkovi"},"content":{"rendered":"\t\t<div data-elementor-type=\"wp-page\" data-elementor-id=\"2201\" class=\"elementor elementor-2201\">\n\t\t\t\t\t\t<div class=\"elementor-inner\">\n\t\t\t\t<div class=\"elementor-section-wrap\">\n\t\t\t\t\t\t\t\t\t<section class=\"elementor-section elementor-top-section elementor-element elementor-element-d565ef9 elementor-section-full_width elementor-section-height-default elementor-section-height-default\" data-id=\"d565ef9\" data-element_type=\"section\" data-settings=\"{&quot;background_background&quot;:&quot;classic&quot;}\">\n\t\t\t\t\t\t<div class=\"elementor-container elementor-column-gap-no\">\n\t\t\t\t\t\t\t<div class=\"elementor-row\">\n\t\t\t\t\t<div class=\"elementor-column elementor-col-100 elementor-top-column elementor-element elementor-element-38f662e\" data-id=\"38f662e\" data-element_type=\"column\" data-settings=\"{&quot;background_background&quot;:&quot;classic&quot;}\">\n\t\t\t<div class=\"elementor-column-wrap elementor-element-populated\">\n\t\t\t\t\t\t\t<div class=\"elementor-widget-wrap\">\n\t\t\t\t\t\t<section class=\"elementor-section elementor-inner-section elementor-element elementor-element-46c3b53 elementor-section-boxed elementor-section-height-default elementor-section-height-default\" data-id=\"46c3b53\" data-element_type=\"section\" data-settings=\"{&quot;background_background&quot;:&quot;classic&quot;}\">\n\t\t\t\t\t\t<div class=\"elementor-container elementor-column-gap-no\">\n\t\t\t\t\t\t\t<div class=\"elementor-row\">\n\t\t\t\t\t<div class=\"elementor-column elementor-col-50 elementor-inner-column elementor-element elementor-element-de83e3f\" data-id=\"de83e3f\" data-element_type=\"column\" data-settings=\"{&quot;background_background&quot;:&quot;classic&quot;}\">\n\t\t\t<div class=\"elementor-column-wrap elementor-element-populated\">\n\t\t\t\t\t\t\t<div class=\"elementor-widget-wrap\">\n\t\t\t\t\t\t<div class=\"elementor-element elementor-element-4e6dbf7 elementor-nav-menu--dropdown-tablet elementor-nav-menu__text-align-aside elementor-nav-menu--toggle elementor-nav-menu--burger elementor-widget elementor-widget-nav-menu\" data-id=\"4e6dbf7\" data-element_type=\"widget\" data-settings=\"{&quot;layout&quot;:&quot;vertical&quot;,&quot;submenu_icon&quot;:{&quot;value&quot;:&quot;&lt;i class=\\&quot;\\&quot;&gt;&lt;\\\/i&gt;&quot;,&quot;library&quot;:&quot;&quot;},&quot;toggle&quot;:&quot;burger&quot;}\" data-widget_type=\"nav-menu.default\">\n\t\t\t\t<div class=\"elementor-widget-container\">\n\t\t\t\t\t\t<nav migration_allowed=\"1\" migrated=\"0\" role=\"navigation\" class=\"elementor-nav-menu--main elementor-nav-menu__container elementor-nav-menu--layout-vertical e--pointer-background e--animation-fade\">\n\t\t\t\t<ul id=\"menu-1-4e6dbf7\" class=\"elementor-nav-menu sm-vertical\"><li class=\"menu-item menu-item-type-post_type menu-item-object-page menu-item-home menu-item-193\"><a href=\"https:\/\/msp.surany.sk\/\" class=\"elementor-item\">> \u00davodn\u00e1 str\u00e1nka<\/a><\/li>\n<li class=\"menu-item menu-item-type-custom menu-item-object-custom menu-item-365\"><a href=\"https:\/\/msp.surany.sk\/index.php\/poznaj-svojho-policajta\/\" class=\"elementor-item\">> Poznaj svojho policajta<\/a><\/li>\n<li class=\"menu-item menu-item-type-post_type menu-item-object-page menu-item-182\"><a href=\"https:\/\/msp.surany.sk\/index.php\/kontakty\/\" class=\"elementor-item\">> Kontakty<\/a><\/li>\n<li class=\"menu-item menu-item-type-post_type menu-item-object-page menu-item-189\"><a href=\"https:\/\/msp.surany.sk\/index.php\/kamerovy-system\/\" class=\"elementor-item\">> Kamerov\u00fd syst\u00e9m<\/a><\/li>\n<li class=\"menu-item menu-item-type-post_type menu-item-object-page menu-item-186\"><a href=\"https:\/\/msp.surany.sk\/index.php\/prava-a-povinnosti\/\" class=\"elementor-item\">> Pr\u00e1va a povinnosti<\/a><\/li>\n<li class=\"menu-item menu-item-type-post_type menu-item-object-page menu-item-187\"><a href=\"https:\/\/msp.surany.sk\/index.php\/cinnost-msp\/\" class=\"elementor-item\">> \u010cinnos\u0165 MsP<\/a><\/li>\n<li class=\"menu-item menu-item-type-post_type menu-item-object-page menu-item-188\"><a href=\"https:\/\/msp.surany.sk\/index.php\/historia-policii\/\" class=\"elementor-item\">> Hist\u00f3ria pol\u00edci\u00ed<\/a><\/li>\n<li class=\"menu-item menu-item-type-post_type menu-item-object-page menu-item-2104\"><a href=\"https:\/\/msp.surany.sk\/index.php\/organizacny-poriadok\/\" class=\"elementor-item\">> Organiza\u010dn\u00fd poriadok<\/a><\/li>\n<li class=\"menu-item menu-item-type-post_type menu-item-object-page menu-item-192\"><a href=\"https:\/\/msp.surany.sk\/index.php\/ochrana-osobnych-udajov\/\" class=\"elementor-item\">> Ochrana osobn\u00fdch \u00fadajov<\/a><\/li>\n<li class=\"menu-item menu-item-type-custom menu-item-object-custom menu-item-340\"><a href=\"https:\/\/surany.sk\/index.php\/povinne-zverejnovanie\/\" class=\"elementor-item\">> Povinn\u00e9 zverej\u0148ovanie<\/a><\/li>\n<li class=\"menu-item menu-item-type-post_type menu-item-object-page menu-item-2220\"><a href=\"https:\/\/msp.surany.sk\/index.php\/odkaz-nacelnikovi\/\" class=\"elementor-item\">> Odkaz n\u00e1\u010deln\u00edkovi<\/a><\/li>\n<\/ul>\t\t\t<\/nav>\n\t\t\t\t\t<div class=\"elementor-menu-toggle\" role=\"button\" tabindex=\"0\" aria-label=\"Menu Toggle\" aria-expanded=\"false\">\n\t\t\t<i aria-hidden=\"true\" role=\"presentation\" class=\"elementor-menu-toggle__icon--open eicon-menu-bar\"><\/i><i aria-hidden=\"true\" role=\"presentation\" class=\"elementor-menu-toggle__icon--close eicon-close\"><\/i>\t\t\t<span class=\"elementor-screen-only\">Menu<\/span>\n\t\t<\/div>\n\t\t\t<nav class=\"elementor-nav-menu--dropdown elementor-nav-menu__container\" role=\"navigation\" aria-hidden=\"true\">\n\t\t\t\t<ul id=\"menu-2-4e6dbf7\" class=\"elementor-nav-menu sm-vertical\"><li class=\"menu-item menu-item-type-post_type menu-item-object-page menu-item-home menu-item-193\"><a href=\"https:\/\/msp.surany.sk\/\" class=\"elementor-item\" tabindex=\"-1\">> \u00davodn\u00e1 str\u00e1nka<\/a><\/li>\n<li class=\"menu-item menu-item-type-custom menu-item-object-custom menu-item-365\"><a href=\"https:\/\/msp.surany.sk\/index.php\/poznaj-svojho-policajta\/\" class=\"elementor-item\" tabindex=\"-1\">> Poznaj svojho policajta<\/a><\/li>\n<li class=\"menu-item menu-item-type-post_type menu-item-object-page menu-item-182\"><a href=\"https:\/\/msp.surany.sk\/index.php\/kontakty\/\" class=\"elementor-item\" tabindex=\"-1\">> Kontakty<\/a><\/li>\n<li class=\"menu-item menu-item-type-post_type menu-item-object-page menu-item-189\"><a href=\"https:\/\/msp.surany.sk\/index.php\/kamerovy-system\/\" class=\"elementor-item\" tabindex=\"-1\">> Kamerov\u00fd syst\u00e9m<\/a><\/li>\n<li class=\"menu-item menu-item-type-post_type menu-item-object-page menu-item-186\"><a href=\"https:\/\/msp.surany.sk\/index.php\/prava-a-povinnosti\/\" class=\"elementor-item\" tabindex=\"-1\">> Pr\u00e1va a povinnosti<\/a><\/li>\n<li class=\"menu-item menu-item-type-post_type menu-item-object-page menu-item-187\"><a href=\"https:\/\/msp.surany.sk\/index.php\/cinnost-msp\/\" class=\"elementor-item\" tabindex=\"-1\">> \u010cinnos\u0165 MsP<\/a><\/li>\n<li class=\"menu-item menu-item-type-post_type menu-item-object-page menu-item-188\"><a href=\"https:\/\/msp.surany.sk\/index.php\/historia-policii\/\" class=\"elementor-item\" tabindex=\"-1\">> Hist\u00f3ria pol\u00edci\u00ed<\/a><\/li>\n<li class=\"menu-item menu-item-type-post_type menu-item-object-page menu-item-2104\"><a href=\"https:\/\/msp.surany.sk\/index.php\/organizacny-poriadok\/\" class=\"elementor-item\" tabindex=\"-1\">> Organiza\u010dn\u00fd poriadok<\/a><\/li>\n<li class=\"menu-item menu-item-type-post_type menu-item-object-page menu-item-192\"><a href=\"https:\/\/msp.surany.sk\/index.php\/ochrana-osobnych-udajov\/\" class=\"elementor-item\" tabindex=\"-1\">> Ochrana osobn\u00fdch \u00fadajov<\/a><\/li>\n<li class=\"menu-item menu-item-type-custom menu-item-object-custom menu-item-340\"><a href=\"https:\/\/surany.sk\/index.php\/povinne-zverejnovanie\/\" class=\"elementor-item\" tabindex=\"-1\">> Povinn\u00e9 zverej\u0148ovanie<\/a><\/li>\n<li class=\"menu-item menu-item-type-post_type menu-item-object-page menu-item-2220\"><a href=\"https:\/\/msp.surany.sk\/index.php\/odkaz-nacelnikovi\/\" class=\"elementor-item\" tabindex=\"-1\">> Odkaz n\u00e1\u010deln\u00edkovi<\/a><\/li>\n<\/ul>\t\t\t<\/nav>\n\t\t\t\t<\/div>\n\t\t\t\t<\/div>\n\t\t\t\t\t\t<\/div>\n\t\t\t\t\t<\/div>\n\t\t<\/div>\n\t\t\t\t<div class=\"elementor-column elementor-col-50 elementor-inner-column elementor-element elementor-element-ec90ac5\" data-id=\"ec90ac5\" data-element_type=\"column\" data-settings=\"{&quot;background_background&quot;:&quot;classic&quot;}\">\n\t\t\t<div class=\"elementor-column-wrap elementor-element-populated\">\n\t\t\t\t\t\t\t<div class=\"elementor-widget-wrap\">\n\t\t\t\t\t\t<div class=\"elementor-element elementor-element-0855620 elementor-widget elementor-widget-text-editor\" data-id=\"0855620\" data-element_type=\"widget\" data-widget_type=\"text-editor.default\">\n\t\t\t\t<div class=\"elementor-widget-container\">\n\t\t\t\t\t\t\t\t<div class=\"elementor-text-editor elementor-clearfix\">\n\t\t\t\t<p>M\u00e1te ot\u00e1zky, ktor\u00e9 sa t\u00fdkaj\u00fa Mestskej pol\u00edcie ?\u00a0 Neviete, ako a kde vybavi\u0165 konkr\u00e9tnu z\u00e1le\u017eitos\u0165 ?<\/p><p>Po vyplnen\u00ed nasledovn\u00e9ho formul\u00e1ru kliknite na tla\u010d\u00edtko\u00a0<strong>\u201cOdosla\u0165\u201d<\/strong>, ktor\u00e9 odo\u0161le vyplnen\u00fd formul\u00e1r priamo n\u00e1\u010deln\u00edkovi Mestskej pol\u00edcie \u0160urany. N\u00e1sledne bude pridelen\u00fd zodpovednej osobe, ktor\u00e1 V\u00e1s bude kontaktova\u0165. <strong>Pred odoslan\u00edm<\/strong>\u00a0si preverte spr\u00e1vnos\u0165 vyplnenia pol\u00ed\u010dok s kontaktn\u00fdmi \u00fadajmi. V pr\u00edpade, \u017ee nebud\u00fa vyplnen\u00e9 spr\u00e1vne, V\u00e1s nevieme kontaktova\u0165 a rie\u0161i\u0165 ot\u00e1zku, prosbu, inform\u00e1ciu \u010di in\u00e9.<\/p>\t\t\t\t\t<\/div>\n\t\t\t\t\t\t<\/div>\n\t\t\t\t<\/div>\n\t\t\t\t<div class=\"elementor-element elementor-element-7b77825 elementor-button-align-stretch elementor-widget elementor-widget-form\" data-id=\"7b77825\" data-element_type=\"widget\" data-settings=\"{&quot;step_next_label&quot;:&quot;\\u010eal\\u0161ie&quot;,&quot;step_previous_label&quot;:&quot;Predo\\u0161l\\u00e9&quot;,&quot;button_width&quot;:&quot;100&quot;,&quot;step_type&quot;:&quot;number_text&quot;,&quot;step_icon_shape&quot;:&quot;circle&quot;}\" data-widget_type=\"form.default\">\n\t\t\t\t<div class=\"elementor-widget-container\">\n\t\t\t\t\t<form class=\"elementor-form\" method=\"post\" name=\"odkaz\">\n\t\t\t<input type=\"hidden\" name=\"post_id\" value=\"2201\"\/>\n\t\t\t<input type=\"hidden\" name=\"form_id\" value=\"7b77825\"\/>\n\t\t\t<input type=\"hidden\" name=\"referer_title\" value=\"\" \/>\n\n\t\t\t\n\t\t\t<div class=\"elementor-form-fields-wrapper elementor-labels-above\">\n\t\t\t\t\t\t\t\t<div class=\"elementor-field-type-text elementor-field-group elementor-column elementor-field-group-name elementor-col-100 elementor-field-required elementor-mark-required\">\n\t\t\t\t\t\t\t\t\t\t\t\t<label for=\"form-field-name\" class=\"elementor-field-label\">\n\t\t\t\t\t\t\t\tTitul, Meno a Priezvisko\t\t\t\t\t\t\t<\/label>\n\t\t\t\t\t\t\t\t\t\t\t\t\t\t<input size=\"1\" type=\"text\" name=\"form_fields[name]\" id=\"form-field-name\" class=\"elementor-field elementor-size-sm  elementor-field-textual\" placeholder=\"Va\u0161e meno\" required=\"required\" aria-required=\"true\">\n\t\t\t\t\t\t\t\t\t\t\t<\/div>\n\t\t\t\t\t\t\t\t<div class=\"elementor-field-type-email elementor-field-group elementor-column elementor-field-group-email elementor-col-100 elementor-field-required elementor-mark-required\">\n\t\t\t\t\t\t\t\t\t\t\t\t<label for=\"form-field-email\" class=\"elementor-field-label\">\n\t\t\t\t\t\t\t\tEmail\t\t\t\t\t\t\t<\/label>\n\t\t\t\t\t\t\t\t\t\t\t\t\t\t<input size=\"1\" type=\"email\" name=\"form_fields[email]\" id=\"form-field-email\" class=\"elementor-field elementor-size-sm  elementor-field-textual\" placeholder=\"Email\" required=\"required\" aria-required=\"true\">\n\t\t\t\t\t\t\t\t\t\t\t<\/div>\n\t\t\t\t\t\t\t\t<div class=\"elementor-field-type-tel elementor-field-group elementor-column elementor-field-group-field_e09de60 elementor-col-100 elementor-field-required elementor-mark-required\">\n\t\t\t\t\t\t\t\t\t\t\t\t<label for=\"form-field-field_e09de60\" class=\"elementor-field-label\">\n\t\t\t\t\t\t\t\tTel.\u010d.\t\t\t\t\t\t\t<\/label>\n\t\t\t\t\t\t\t\t<input size=\"1\" type=\"tel\" name=\"form_fields[field_e09de60]\" id=\"form-field-field_e09de60\" class=\"elementor-field elementor-size-sm  elementor-field-textual\" placeholder=\"Va\u0161e kontaktn\u00e9 tel.\u010d.\" required=\"required\" aria-required=\"true\" pattern=\"[0-9()#&amp;+*-=.]+\" title=\"Only numbers and phone characters (#, -, *, etc) are accepted.\">\n\n\t\t\t\t\t\t<\/div>\n\t\t\t\t\t\t\t\t<div class=\"elementor-field-type-textarea elementor-field-group elementor-column elementor-field-group-message elementor-col-100 elementor-field-required elementor-mark-required\">\n\t\t\t\t\t\t\t\t\t\t\t\t<label for=\"form-field-message\" class=\"elementor-field-label\">\n\t\t\t\t\t\t\t\tSpr\u00e1va\t\t\t\t\t\t\t<\/label>\n\t\t\t\t\t\t<textarea class=\"elementor-field-textual elementor-field  elementor-size-sm\" name=\"form_fields[message]\" id=\"form-field-message\" rows=\"6\" placeholder=\"V\u00e1\u0161 odkaz\" required=\"required\" aria-required=\"true\"><\/textarea>\t\t\t\t<\/div>\n\t\t\t\t\t\t\t\t<div class=\"elementor-field-type-upload elementor-field-group elementor-column elementor-field-group-field_2e0eef9 elementor-col-100\">\n\t\t\t\t\t\t\t\t\t\t\t\t<label for=\"form-field-field_2e0eef9\" class=\"elementor-field-label\">\n\t\t\t\t\t\t\t\tPr\u00edloha\t\t\t\t\t\t\t<\/label>\n\t\t\t\t\t\t\t\t<input type=\"file\" name=\"form_fields[field_2e0eef9][]\" id=\"form-field-field_2e0eef9\" class=\"elementor-field elementor-size-sm  elementor-upload-field\" multiple=\"multiple\" data-maxsize=\"10\" data-maxsize-message=\"This file exceeds the maximum allowed size.\">\n\n\t\t\t\t\t\t<\/div>\n\t\t\t\t\t\t\t\t<div class=\"elementor-field-type-recaptcha_v3 elementor-field-group elementor-column elementor-field-group-field_b0438d3 elementor-col-100 recaptcha_v3-bottomright\">\n\t\t\t\t\t<div class=\"elementor-field\" id=\"form-field-field_b0438d3\"><div class=\"elementor-g-recaptcha\" data-sitekey=\"6LfPDKQrAAAAAJiTN_k081JGT5QbnW5wYx42YOu0\" data-type=\"v3\" data-action=\"Form\" data-badge=\"bottomright\" data-size=\"invisible\"><\/div><\/div>\t\t\t\t<\/div>\n\t\t\t\t\t\t\t\t<div class=\"elementor-field-group elementor-column elementor-field-type-submit elementor-col-100 e-form__buttons\">\n\t\t\t\t\t<button type=\"submit\" class=\"elementor-button elementor-size-sm\">\n\t\t\t\t\t\t<span >\n\t\t\t\t\t\t\t\t\t\t\t\t\t\t\t<span class=\" elementor-button-icon\">\n\t\t\t\t\t\t\t\t\t\t\t\t\t\t\t\t\t\t\t\t\t\t\t\t\t\t<\/span>\n\t\t\t\t\t\t\t\t\t\t\t\t\t\t\t\t\t\t\t\t\t\t<span class=\"elementor-button-text\">Odosla\u0165<\/span>\n\t\t\t\t\t\t\t\t\t\t\t\t\t<\/span>\n\t\t\t\t\t<\/button>\n\t\t\t\t<\/div>\n\t\t\t<\/div>\n\t\t<\/form>\n\t\t\t\t<\/div>\n\t\t\t\t<\/div>\n\t\t\t\t<div class=\"elementor-element elementor-element-ad16e63 elementor-widget elementor-widget-text-editor\" data-id=\"ad16e63\" data-element_type=\"widget\" data-widget_type=\"text-editor.default\">\n\t\t\t\t<div class=\"elementor-widget-container\">\n\t\t\t\t\t\t\t\t<div class=\"elementor-text-editor elementor-clearfix\">\n\t\t\t\t<h3>Prev\u00e1dzkovate\u013e sa zav\u00e4zuje :<\/h3><p>neposkytova\u0165 s\u00fakromn\u00e9 \u00fadaje pou\u017e\u00edvate\u013ea \u017eiadnej tretej strane. S\u00fakromn\u00fdmi \u00fadajmi pou\u017e\u00edvate\u013ea sa na \u00fa\u010dely t\u00fdchto pravidiel rozumej\u00fa v\u0161etky \u00fadaje, ktor\u00e9 n\u00e1m poskytnete pri vyplnen\u00ed formul\u00e1ra.<\/p><h3>Upozornenie !<\/h3><p><strong>Pros\u00edme v\u00e1s o slu\u0161n\u00fa formul\u00e1ciu va\u0161ej ot\u00e1zky ! <\/strong><\/p><p><strong>Obsah tejto str\u00e1nky by mal re\u0161pektova\u0165 vz\u00e1jomn\u00fa \u00fastretovos\u0165 a toleranciu. <\/strong><\/p><p><strong>Provok\u00e1cie, hanobenie a ur\u00e1\u017eky bud\u00fa ignorovan\u00e9 a nebud\u00fa rie\u0161en\u00e9.<\/strong><\/p>\t\t\t\t\t<\/div>\n\t\t\t\t\t\t<\/div>\n\t\t\t\t<\/div>\n\t\t\t\t\t\t<\/div>\n\t\t\t\t\t<\/div>\n\t\t<\/div>\n\t\t\t\t\t\t\t\t<\/div>\n\t\t\t\t\t<\/div>\n\t\t<\/section>\n\t\t\t\t\t\t<\/div>\n\t\t\t\t\t<\/div>\n\t\t<\/div>\n\t\t\t\t\t\t\t\t<\/div>\n\t\t\t\t\t<\/div>\n\t\t<\/section>\n\t\t\t\t\t\t\t\t\t<\/div>\n\t\t\t<\/div>\n\t\t\t\t\t<\/div>\n\t\t","protected":false},"excerpt":{"rendered":"<p>M\u00e1te ot\u00e1zky, ktor\u00e9 sa t\u00fdkaj\u00fa Mestskej pol\u00edcie ?\u00a0 Neviete, ako a kde vybavi\u0165 konkr\u00e9tnu z\u00e1le\u017eitos\u0165 ? Po vyplnen\u00ed nasledovn\u00e9ho formul\u00e1ru kliknite na tla\u010d\u00edtko\u00a0\u201cOdosla\u0165\u201d, ktor\u00e9 odo\u0161le vyplnen\u00fd formul\u00e1r priamo n\u00e1\u010deln\u00edkovi Mestskej pol\u00edcie \u0160urany. N\u00e1sledne bude pridelen\u00fd zodpovednej osobe, ktor\u00e1 V\u00e1s bude kontaktova\u0165. Pred odoslan\u00edm\u00a0si preverte spr\u00e1vnos\u0165 vyplnenia pol\u00ed\u010dok s kontaktn\u00fdmi \u00fadajmi. V pr\u00edpade, \u017ee nebud\u00fa vyplnen\u00e9 [&hellip;]<\/p>\n","protected":false},"author":9,"featured_media":0,"parent":0,"menu_order":0,"comment_status":"closed","ping_status":"closed","template":"","meta":[],"_links":{"self":[{"href":"https:\/\/msp.surany.sk\/index.php\/wp-json\/wp\/v2\/pages\/2201"}],"collection":[{"href":"https:\/\/msp.surany.sk\/index.php\/wp-json\/wp\/v2\/pages"}],"about":[{"href":"https:\/\/msp.surany.sk\/index.php\/wp-json\/wp\/v2\/types\/page"}],"author":[{"embeddable":true,"href":"https:\/\/msp.surany.sk\/index.php\/wp-json\/wp\/v2\/users\/9"}],"replies":[{"embeddable":true,"href":"https:\/\/msp.surany.sk\/index.php\/wp-json\/wp\/v2\/comments?post=2201"}],"version-history":[{"count":28,"href":"https:\/\/msp.surany.sk\/index.php\/wp-json\/wp\/v2\/pages\/2201\/revisions"}],"predecessor-version":[{"id":2234,"href":"https:\/\/msp.surany.sk\/index.php\/wp-json\/wp\/v2\/pages\/2201\/revisions\/2234"}],"wp:attachment":[{"href":"https:\/\/msp.surany.sk\/index.php\/wp-json\/wp\/v2\/media?parent=2201"}],"curies":[{"name":"wp","href":"https:\/\/api.w.org\/{rel}","templated":true}]}}