{"id":170,"date":"2019-05-12T12:35:54","date_gmt":"2019-05-12T10:35:54","guid":{"rendered":"https:\/\/msp.surany.sk\/?page_id=170"},"modified":"2025-08-12T14:30:15","modified_gmt":"2025-08-12T12:30:15","slug":"cinnost-msp","status":"publish","type":"page","link":"https:\/\/msp.surany.sk\/index.php\/cinnost-msp\/","title":{"rendered":"\u010cinnos\u0165 MsP"},"content":{"rendered":"\t\t<div data-elementor-type=\"wp-post\" data-elementor-id=\"170\" class=\"elementor elementor-170\">\n\t\t\t\t\t\t<div class=\"elementor-inner\">\n\t\t\t\t<div class=\"elementor-section-wrap\">\n\t\t\t\t\t\t\t\t\t<section class=\"elementor-section elementor-top-section elementor-element elementor-element-66f10347 elementor-section-full_width elementor-section-height-default elementor-section-height-default\" data-id=\"66f10347\" data-element_type=\"section\" data-settings=\"{&quot;background_background&quot;:&quot;classic&quot;}\">\n\t\t\t\t\t\t<div class=\"elementor-container elementor-column-gap-no\">\n\t\t\t\t\t\t\t<div class=\"elementor-row\">\n\t\t\t\t\t<div class=\"elementor-column elementor-col-100 elementor-top-column elementor-element elementor-element-2ffb012e\" data-id=\"2ffb012e\" data-element_type=\"column\" data-settings=\"{&quot;background_background&quot;:&quot;classic&quot;}\">\n\t\t\t<div class=\"elementor-column-wrap elementor-element-populated\">\n\t\t\t\t\t\t\t<div class=\"elementor-widget-wrap\">\n\t\t\t\t\t\t<section class=\"elementor-section elementor-inner-section elementor-element elementor-element-4a14b53f elementor-section-boxed elementor-section-height-default elementor-section-height-default\" data-id=\"4a14b53f\" data-element_type=\"section\" data-settings=\"{&quot;background_background&quot;:&quot;classic&quot;}\">\n\t\t\t\t\t\t<div class=\"elementor-container elementor-column-gap-no\">\n\t\t\t\t\t\t\t<div class=\"elementor-row\">\n\t\t\t\t\t<div class=\"elementor-column elementor-col-50 elementor-inner-column elementor-element elementor-element-85648d4\" data-id=\"85648d4\" data-element_type=\"column\" data-settings=\"{&quot;background_background&quot;:&quot;classic&quot;}\">\n\t\t\t<div class=\"elementor-column-wrap elementor-element-populated\">\n\t\t\t\t\t\t\t<div class=\"elementor-widget-wrap\">\n\t\t\t\t\t\t<div class=\"elementor-element elementor-element-3f29bea elementor-nav-menu--dropdown-tablet elementor-nav-menu__text-align-aside elementor-nav-menu--toggle elementor-nav-menu--burger elementor-widget elementor-widget-nav-menu\" data-id=\"3f29bea\" data-element_type=\"widget\" data-settings=\"{&quot;layout&quot;:&quot;vertical&quot;,&quot;submenu_icon&quot;:{&quot;value&quot;:&quot;&lt;i class=\\&quot;\\&quot;&gt;&lt;\\\/i&gt;&quot;,&quot;library&quot;:&quot;&quot;},&quot;toggle&quot;:&quot;burger&quot;}\" data-widget_type=\"nav-menu.default\">\n\t\t\t\t<div class=\"elementor-widget-container\">\n\t\t\t\t\t\t<nav migration_allowed=\"1\" migrated=\"0\" role=\"navigation\" class=\"elementor-nav-menu--main elementor-nav-menu__container elementor-nav-menu--layout-vertical e--pointer-background e--animation-fade\">\n\t\t\t\t<ul id=\"menu-1-3f29bea\" class=\"elementor-nav-menu sm-vertical\"><li class=\"menu-item menu-item-type-post_type menu-item-object-page menu-item-home menu-item-193\"><a href=\"https:\/\/msp.surany.sk\/\" class=\"elementor-item\">> \u00davodn\u00e1 str\u00e1nka<\/a><\/li>\n<li class=\"menu-item menu-item-type-custom menu-item-object-custom menu-item-365\"><a href=\"https:\/\/msp.surany.sk\/index.php\/poznaj-svojho-policajta\/\" class=\"elementor-item\">> Poznaj svojho policajta<\/a><\/li>\n<li class=\"menu-item menu-item-type-post_type menu-item-object-page menu-item-182\"><a href=\"https:\/\/msp.surany.sk\/index.php\/kontakty\/\" class=\"elementor-item\">> Kontakty<\/a><\/li>\n<li class=\"menu-item menu-item-type-post_type menu-item-object-page menu-item-189\"><a href=\"https:\/\/msp.surany.sk\/index.php\/kamerovy-system\/\" class=\"elementor-item\">> Kamerov\u00fd syst\u00e9m<\/a><\/li>\n<li class=\"menu-item menu-item-type-post_type menu-item-object-page menu-item-186\"><a href=\"https:\/\/msp.surany.sk\/index.php\/prava-a-povinnosti\/\" class=\"elementor-item\">> Pr\u00e1va a povinnosti<\/a><\/li>\n<li class=\"menu-item menu-item-type-post_type menu-item-object-page menu-item-187\"><a href=\"https:\/\/msp.surany.sk\/index.php\/cinnost-msp\/\" class=\"elementor-item\">> \u010cinnos\u0165 MsP<\/a><\/li>\n<li class=\"menu-item menu-item-type-post_type menu-item-object-page menu-item-188\"><a href=\"https:\/\/msp.surany.sk\/index.php\/historia-policii\/\" class=\"elementor-item\">> Hist\u00f3ria pol\u00edci\u00ed<\/a><\/li>\n<li class=\"menu-item menu-item-type-post_type menu-item-object-page menu-item-2104\"><a href=\"https:\/\/msp.surany.sk\/index.php\/organizacny-poriadok\/\" class=\"elementor-item\">> Organiza\u010dn\u00fd poriadok<\/a><\/li>\n<li class=\"menu-item menu-item-type-post_type menu-item-object-page menu-item-192\"><a href=\"https:\/\/msp.surany.sk\/index.php\/ochrana-osobnych-udajov\/\" class=\"elementor-item\">> Ochrana osobn\u00fdch \u00fadajov<\/a><\/li>\n<li class=\"menu-item menu-item-type-custom menu-item-object-custom menu-item-340\"><a href=\"https:\/\/surany.sk\/index.php\/povinne-zverejnovanie\/\" class=\"elementor-item\">> Povinn\u00e9 zverej\u0148ovanie<\/a><\/li>\n<li class=\"menu-item menu-item-type-post_type menu-item-object-page menu-item-2220\"><a href=\"https:\/\/msp.surany.sk\/index.php\/odkaz-nacelnikovi\/\" class=\"elementor-item\">> Odkaz n\u00e1\u010deln\u00edkovi<\/a><\/li>\n<\/ul>\t\t\t<\/nav>\n\t\t\t\t\t<div class=\"elementor-menu-toggle\" role=\"button\" tabindex=\"0\" aria-label=\"Menu Toggle\" aria-expanded=\"false\">\n\t\t\t<i aria-hidden=\"true\" role=\"presentation\" class=\"elementor-menu-toggle__icon--open eicon-menu-bar\"><\/i><i aria-hidden=\"true\" role=\"presentation\" class=\"elementor-menu-toggle__icon--close eicon-close\"><\/i>\t\t\t<span class=\"elementor-screen-only\">Menu<\/span>\n\t\t<\/div>\n\t\t\t<nav class=\"elementor-nav-menu--dropdown elementor-nav-menu__container\" role=\"navigation\" aria-hidden=\"true\">\n\t\t\t\t<ul id=\"menu-2-3f29bea\" class=\"elementor-nav-menu sm-vertical\"><li class=\"menu-item menu-item-type-post_type menu-item-object-page menu-item-home menu-item-193\"><a href=\"https:\/\/msp.surany.sk\/\" class=\"elementor-item\" tabindex=\"-1\">> \u00davodn\u00e1 str\u00e1nka<\/a><\/li>\n<li class=\"menu-item menu-item-type-custom menu-item-object-custom menu-item-365\"><a href=\"https:\/\/msp.surany.sk\/index.php\/poznaj-svojho-policajta\/\" class=\"elementor-item\" tabindex=\"-1\">> Poznaj svojho policajta<\/a><\/li>\n<li class=\"menu-item menu-item-type-post_type menu-item-object-page menu-item-182\"><a href=\"https:\/\/msp.surany.sk\/index.php\/kontakty\/\" class=\"elementor-item\" tabindex=\"-1\">> Kontakty<\/a><\/li>\n<li class=\"menu-item menu-item-type-post_type menu-item-object-page menu-item-189\"><a href=\"https:\/\/msp.surany.sk\/index.php\/kamerovy-system\/\" class=\"elementor-item\" tabindex=\"-1\">> Kamerov\u00fd syst\u00e9m<\/a><\/li>\n<li class=\"menu-item menu-item-type-post_type menu-item-object-page menu-item-186\"><a href=\"https:\/\/msp.surany.sk\/index.php\/prava-a-povinnosti\/\" class=\"elementor-item\" tabindex=\"-1\">> Pr\u00e1va a povinnosti<\/a><\/li>\n<li class=\"menu-item menu-item-type-post_type menu-item-object-page menu-item-187\"><a href=\"https:\/\/msp.surany.sk\/index.php\/cinnost-msp\/\" class=\"elementor-item\" tabindex=\"-1\">> \u010cinnos\u0165 MsP<\/a><\/li>\n<li class=\"menu-item menu-item-type-post_type menu-item-object-page menu-item-188\"><a href=\"https:\/\/msp.surany.sk\/index.php\/historia-policii\/\" class=\"elementor-item\" tabindex=\"-1\">> Hist\u00f3ria pol\u00edci\u00ed<\/a><\/li>\n<li class=\"menu-item menu-item-type-post_type menu-item-object-page menu-item-2104\"><a href=\"https:\/\/msp.surany.sk\/index.php\/organizacny-poriadok\/\" class=\"elementor-item\" tabindex=\"-1\">> Organiza\u010dn\u00fd poriadok<\/a><\/li>\n<li class=\"menu-item menu-item-type-post_type menu-item-object-page menu-item-192\"><a href=\"https:\/\/msp.surany.sk\/index.php\/ochrana-osobnych-udajov\/\" class=\"elementor-item\" tabindex=\"-1\">> Ochrana osobn\u00fdch \u00fadajov<\/a><\/li>\n<li class=\"menu-item menu-item-type-custom menu-item-object-custom menu-item-340\"><a href=\"https:\/\/surany.sk\/index.php\/povinne-zverejnovanie\/\" class=\"elementor-item\" tabindex=\"-1\">> Povinn\u00e9 zverej\u0148ovanie<\/a><\/li>\n<li class=\"menu-item menu-item-type-post_type menu-item-object-page menu-item-2220\"><a href=\"https:\/\/msp.surany.sk\/index.php\/odkaz-nacelnikovi\/\" class=\"elementor-item\" tabindex=\"-1\">> Odkaz n\u00e1\u010deln\u00edkovi<\/a><\/li>\n<\/ul>\t\t\t<\/nav>\n\t\t\t\t<\/div>\n\t\t\t\t<\/div>\n\t\t\t\t\t\t<\/div>\n\t\t\t\t\t<\/div>\n\t\t<\/div>\n\t\t\t\t<div class=\"elementor-column elementor-col-50 elementor-inner-column elementor-element elementor-element-631b1e91\" data-id=\"631b1e91\" data-element_type=\"column\" data-settings=\"{&quot;background_background&quot;:&quot;classic&quot;}\">\n\t\t\t<div class=\"elementor-column-wrap elementor-element-populated\">\n\t\t\t\t\t\t\t<div class=\"elementor-widget-wrap\">\n\t\t\t\t\t\t<div class=\"elementor-element elementor-element-26d578c elementor-widget elementor-widget-heading\" data-id=\"26d578c\" data-element_type=\"widget\" data-widget_type=\"heading.default\">\n\t\t\t\t<div class=\"elementor-widget-container\">\n\t\t\t<h2 class=\"elementor-heading-title elementor-size-default\">\u010cinnos\u0165 MsP<\/h2>\t\t<\/div>\n\t\t\t\t<\/div>\n\t\t\t\t<div class=\"elementor-element elementor-element-e3bd5d3 elementor-widget elementor-widget-text-editor\" data-id=\"e3bd5d3\" data-element_type=\"widget\" data-widget_type=\"text-editor.default\">\n\t\t\t\t<div class=\"elementor-widget-container\">\n\t\t\t\t\t\t\t\t<div class=\"elementor-text-editor elementor-clearfix\">\n\t\t\t\t<p style=\"font-weight: 400;\">Mestsk\u00e1 pol\u00edcia \u0160urany<\/p><p style=\"font-weight: 400;\">Mestsk\u00e1 pol\u00edcia je poriadkov\u00fd \u00fatvar, ktor\u00fd p\u00f4sob\u00ed v r\u00e1mci samospr\u00e1vy mesta \u0160urany. Jej hlavnou \u00falohou je zabezpe\u010dovanie verejn\u00e9ho poriadku, ochrana \u017eivotn\u00e9ho prostredia, ako aj ochrana majetku mesta a jeho obyvate\u013eov pred po\u0161koden\u00edm, zni\u010den\u00edm, stratou alebo zneu\u017eit\u00edm. Vykon\u00e1va kontroln\u00fa, prevent\u00edvnu aj repres\u00edvnu \u010dinnos\u0165 na \u00fazem\u00ed mesta v rozsahu ustanovenom pr\u00e1vnymi predpismi.<\/p><p style=\"font-weight: 400;\">Svoje \u00falohy pln\u00ed v s\u00falade so z\u00e1konom \u010d. 564\/1991 Zb. o obecnej pol\u00edcii v znen\u00ed neskor\u0161\u00edch predpisov. Okrem toho zabezpe\u010duje v\u00fdkon opatren\u00ed vypl\u00fdvaj\u00facich zo v\u0161eobecne z\u00e1v\u00e4zn\u00fdch nariaden\u00ed mesta \u0160urany, uznesen\u00ed Mestsk\u00e9ho zastupite\u013estva a rozhodnut\u00ed prim\u00e1tora mesta.<\/p><p style=\"font-weight: 400;\">Mestsk\u00fa pol\u00edciu tvoria pr\u00edslu\u0161n\u00edci mestskej pol\u00edcie, ktor\u00ed s\u00fa zamestnancami mesta. Pri v\u00fdkone svojej \u010dinnosti maj\u00fa postavenie verejn\u00e9ho \u010dinite\u013ea, \u010do znamen\u00e1, \u017ee s\u00fa opr\u00e1vnen\u00ed vyu\u017e\u00edva\u0165 z\u00e1konn\u00e9 n\u00e1stroje na v\u00fdkon verejnej moci a s\u00fa z\u00e1rove\u0148 chr\u00e1nen\u00ed osobitn\u00fdm sp\u00f4sobom pod\u013ea trestn\u00e9ho z\u00e1kona.<\/p><p style=\"font-weight: 400;\">Medzi k\u013e\u00fa\u010dov\u00e9 oblasti \u010dinnosti mestskej pol\u00edcie patr\u00ed:<\/p><ul style=\"font-weight: 400;\"><li>Ochrana verejn\u00e9ho poriadku a bezpe\u010dnosti ob\u010danov \u2013 pr\u00edtomnos\u0165 hliadok v uliciach mesta, z\u00e1sahy pri ru\u0161en\u00ed no\u010dn\u00e9ho pokoja, rie\u0161enie podnetov od obyvate\u013eov, pr\u00edtomnos\u0165 po\u010das verejn\u00fdch podujat\u00ed.<\/li><li>Doh\u013ead nad dodr\u017eiavan\u00edm dopravn\u00fdch predpisov \u2013 kontrola parkovania, neleg\u00e1lneho st\u00e1tia, dodr\u017eiavania pravidiel cestnej prem\u00e1vky na miestnych komunik\u00e1ci\u00e1ch.<\/li><li>Ochrana \u017eivotn\u00e9ho prostredia \u2013 doh\u013ead nad \u010distotou verejn\u00fdch priestranstiev, odha\u013eovanie a rie\u0161enie \u010diernych skl\u00e1dok, kontrola v\u00fdvozu odpadu.<\/li><li>Prevencia kriminality a pr\u00e1ca s verejnos\u0165ou \u2013 spolupr\u00e1ca s ml\u00e1de\u017eou, \u0161kolami a komunitn\u00fdmi organiz\u00e1ciami, prevent\u00edvne aktivity a osvetov\u00e9 kampane.<\/li><li>Spolupr\u00e1ca s ostatn\u00fdmi zlo\u017ekami \u2013 koordin\u00e1cia s Policajn\u00fdm zborom SR, hasi\u010dsk\u00fdm a z\u00e1chrann\u00fdm zborom, mestsk\u00fdmi \u00faradmi a \u010fal\u0161\u00edmi in\u0161tit\u00faciami.<\/li><\/ul><p style=\"font-weight: 400;\">Mestsk\u00e1 pol\u00edcia m\u00e1 pr\u00e1vomoc uklada\u0165 blokov\u00e9 pokuty a in\u00e9 sankcie za priestupky, ktor\u00e9 patria do jej kompetencie. V pr\u00edpadoch, kde jej pr\u00e1vomoci nekon\u010dia, zabezpe\u010duje ozn\u00e1menie skutkov pr\u00edslu\u0161n\u00fdm \u0161t\u00e1tnym org\u00e1nom \u2013 najm\u00e4 Policajn\u00e9mu zboru SR alebo pr\u00edslu\u0161n\u00fdm spr\u00e1vnym org\u00e1nom.<\/p><p style=\"font-weight: 400;\">Organiza\u010dne a person\u00e1lne je mestsk\u00e1 pol\u00edcia s\u00fa\u010das\u0165ou mestsk\u00e9ho \u00faradu. Jej \u010dinnos\u0165 riadi n\u00e1\u010deln\u00edk mestskej pol\u00edcie, ktor\u00fd zodpoved\u00e1 za pl\u00e1novanie, koordin\u00e1ciu a kontrolu v\u00fdkonu slu\u017eobn\u00fdch povinnost\u00ed pr\u00edslu\u0161n\u00edkov, ako aj za kontakt s veden\u00edm mesta a verejnos\u0165ou.<\/p>\t\t\t\t\t<\/div>\n\t\t\t\t\t\t<\/div>\n\t\t\t\t<\/div>\n\t\t\t\t<div class=\"elementor-element elementor-element-aecb74c elementor-position-left elementor-vertical-align-middle elementor-widget elementor-widget-image-box\" data-id=\"aecb74c\" data-element_type=\"widget\" data-widget_type=\"image-box.default\">\n\t\t\t\t<div class=\"elementor-widget-container\">\n\t\t\t<div class=\"elementor-image-box-wrapper\"><figure class=\"elementor-image-box-img\"><img width=\"150\" height=\"150\" src=\"https:\/\/msp.surany.sk\/wp-content\/uploads\/2022\/05\/\u0160urany_erb-pol\u00edcia_2021-150x150.png\" class=\"elementor-animation-bounce-in attachment-thumbnail size-thumbnail\" alt=\"\" loading=\"lazy\" \/><\/figure><div class=\"elementor-image-box-content\"><p class=\"elementor-image-box-description\">N\u00e1\u010deln\u00edk mestskej pol\u00edcie:\n<br><br>\n<b>PhDr. Martin \u0160vanda<\/b><\/p><\/div><\/div>\t\t<\/div>\n\t\t\t\t<\/div>\n\t\t\t\t<div class=\"elementor-element elementor-element-2366c6f elementor-widget elementor-widget-html\" data-id=\"2366c6f\" data-element_type=\"widget\" data-widget_type=\"html.default\">\n\t\t\t\t<div class=\"elementor-widget-container\">\n\t\t\t<hr>\t\t<\/div>\n\t\t\t\t<\/div>\n\t\t\t\t\t\t<\/div>\n\t\t\t\t\t<\/div>\n\t\t<\/div>\n\t\t\t\t\t\t\t\t<\/div>\n\t\t\t\t\t<\/div>\n\t\t<\/section>\n\t\t\t\t\t\t<\/div>\n\t\t\t\t\t<\/div>\n\t\t<\/div>\n\t\t\t\t\t\t\t\t<\/div>\n\t\t\t\t\t<\/div>\n\t\t<\/section>\n\t\t\t\t\t\t\t\t\t<\/div>\n\t\t\t<\/div>\n\t\t\t\t\t<\/div>\n\t\t","protected":false},"excerpt":{"rendered":"<p>\u010cinnos\u0165 MsP Mestsk\u00e1 pol\u00edcia \u0160urany Mestsk\u00e1 pol\u00edcia je poriadkov\u00fd \u00fatvar, ktor\u00fd p\u00f4sob\u00ed v r\u00e1mci samospr\u00e1vy mesta \u0160urany. Jej hlavnou \u00falohou je zabezpe\u010dovanie verejn\u00e9ho poriadku, ochrana \u017eivotn\u00e9ho prostredia, ako aj ochrana majetku mesta a jeho obyvate\u013eov pred po\u0161koden\u00edm, zni\u010den\u00edm, stratou alebo zneu\u017eit\u00edm. Vykon\u00e1va kontroln\u00fa, prevent\u00edvnu aj repres\u00edvnu \u010dinnos\u0165 na \u00fazem\u00ed mesta v rozsahu ustanovenom pr\u00e1vnymi predpismi. [&hellip;]<\/p>\n","protected":false},"author":7,"featured_media":0,"parent":0,"menu_order":0,"comment_status":"closed","ping_status":"closed","template":"","meta":[],"_links":{"self":[{"href":"https:\/\/msp.surany.sk\/index.php\/wp-json\/wp\/v2\/pages\/170"}],"collection":[{"href":"https:\/\/msp.surany.sk\/index.php\/wp-json\/wp\/v2\/pages"}],"about":[{"href":"https:\/\/msp.surany.sk\/index.php\/wp-json\/wp\/v2\/types\/page"}],"author":[{"embeddable":true,"href":"https:\/\/msp.surany.sk\/index.php\/wp-json\/wp\/v2\/users\/7"}],"replies":[{"embeddable":true,"href":"https:\/\/msp.surany.sk\/index.php\/wp-json\/wp\/v2\/comments?post=170"}],"version-history":[{"count":44,"href":"https:\/\/msp.surany.sk\/index.php\/wp-json\/wp\/v2\/pages\/170\/revisions"}],"predecessor-version":[{"id":2191,"href":"https:\/\/msp.surany.sk\/index.php\/wp-json\/wp\/v2\/pages\/170\/revisions\/2191"}],"wp:attachment":[{"href":"https:\/\/msp.surany.sk\/index.php\/wp-json\/wp\/v2\/media?parent=170"}],"curies":[{"name":"wp","href":"https:\/\/api.w.org\/{rel}","templated":true}]}}