{"id":162,"date":"2019-05-12T12:34:35","date_gmt":"2019-05-12T10:34:35","guid":{"rendered":"https:\/\/msp.surany.sk\/?page_id=162"},"modified":"2023-02-11T12:22:30","modified_gmt":"2023-02-11T11:22:30","slug":"organizacna-struktura","status":"publish","type":"page","link":"https:\/\/msp.surany.sk\/index.php\/organizacna-struktura\/","title":{"rendered":"Organiza\u010dn\u00e1 \u0161trukt\u00fara"},"content":{"rendered":"\t\t<div data-elementor-type=\"wp-post\" data-elementor-id=\"162\" class=\"elementor elementor-162\">\n\t\t\t\t\t\t<div class=\"elementor-inner\">\n\t\t\t\t<div class=\"elementor-section-wrap\">\n\t\t\t\t\t\t\t\t\t<section class=\"elementor-section elementor-top-section elementor-element elementor-element-2ec4328e elementor-section-full_width elementor-section-height-default elementor-section-height-default\" data-id=\"2ec4328e\" data-element_type=\"section\" data-settings=\"{&quot;background_background&quot;:&quot;classic&quot;}\">\n\t\t\t\t\t\t<div class=\"elementor-container elementor-column-gap-no\">\n\t\t\t\t\t\t\t<div class=\"elementor-row\">\n\t\t\t\t\t<div class=\"elementor-column elementor-col-100 elementor-top-column elementor-element elementor-element-172cb09d\" data-id=\"172cb09d\" data-element_type=\"column\" data-settings=\"{&quot;background_background&quot;:&quot;classic&quot;}\">\n\t\t\t<div class=\"elementor-column-wrap elementor-element-populated\">\n\t\t\t\t\t\t\t<div class=\"elementor-widget-wrap\">\n\t\t\t\t\t\t<section class=\"elementor-section elementor-inner-section elementor-element elementor-element-3037ec5e elementor-section-boxed elementor-section-height-default elementor-section-height-default\" data-id=\"3037ec5e\" data-element_type=\"section\" data-settings=\"{&quot;background_background&quot;:&quot;classic&quot;}\">\n\t\t\t\t\t\t<div class=\"elementor-container elementor-column-gap-no\">\n\t\t\t\t\t\t\t<div class=\"elementor-row\">\n\t\t\t\t\t<div class=\"elementor-column elementor-col-50 elementor-inner-column elementor-element elementor-element-9701cb1\" data-id=\"9701cb1\" data-element_type=\"column\" data-settings=\"{&quot;background_background&quot;:&quot;classic&quot;}\">\n\t\t\t<div class=\"elementor-column-wrap elementor-element-populated\">\n\t\t\t\t\t\t\t<div class=\"elementor-widget-wrap\">\n\t\t\t\t\t\t<div class=\"elementor-element elementor-element-40988b3 elementor-nav-menu--dropdown-tablet elementor-nav-menu__text-align-aside elementor-nav-menu--toggle elementor-nav-menu--burger elementor-widget elementor-widget-nav-menu\" data-id=\"40988b3\" data-element_type=\"widget\" data-settings=\"{&quot;layout&quot;:&quot;vertical&quot;,&quot;submenu_icon&quot;:{&quot;value&quot;:&quot;&lt;i class=\\&quot;\\&quot;&gt;&lt;\\\/i&gt;&quot;,&quot;library&quot;:&quot;&quot;},&quot;toggle&quot;:&quot;burger&quot;}\" data-widget_type=\"nav-menu.default\">\n\t\t\t\t<div class=\"elementor-widget-container\">\n\t\t\t\t\t\t<nav migration_allowed=\"1\" migrated=\"0\" role=\"navigation\" class=\"elementor-nav-menu--main elementor-nav-menu__container elementor-nav-menu--layout-vertical e--pointer-background e--animation-fade\">\n\t\t\t\t<ul id=\"menu-1-40988b3\" class=\"elementor-nav-menu sm-vertical\"><li class=\"menu-item menu-item-type-post_type menu-item-object-page menu-item-home menu-item-193\"><a href=\"https:\/\/msp.surany.sk\/\" class=\"elementor-item\">> \u00davodn\u00e1 str\u00e1nka<\/a><\/li>\n<li class=\"menu-item menu-item-type-custom menu-item-object-custom menu-item-365\"><a href=\"https:\/\/msp.surany.sk\/index.php\/poznaj-svojho-policajta\/\" class=\"elementor-item\">> Poznaj svojho policajta<\/a><\/li>\n<li class=\"menu-item menu-item-type-post_type menu-item-object-page menu-item-182\"><a href=\"https:\/\/msp.surany.sk\/index.php\/kontakty\/\" class=\"elementor-item\">> Kontakty<\/a><\/li>\n<li class=\"menu-item menu-item-type-post_type menu-item-object-page menu-item-189\"><a href=\"https:\/\/msp.surany.sk\/index.php\/kamerovy-system\/\" class=\"elementor-item\">> Kamerov\u00fd syst\u00e9m<\/a><\/li>\n<li class=\"menu-item menu-item-type-post_type menu-item-object-page menu-item-186\"><a href=\"https:\/\/msp.surany.sk\/index.php\/prava-a-povinnosti\/\" class=\"elementor-item\">> Pr\u00e1va a povinnosti<\/a><\/li>\n<li class=\"menu-item menu-item-type-post_type menu-item-object-page menu-item-187\"><a href=\"https:\/\/msp.surany.sk\/index.php\/cinnost-msp\/\" class=\"elementor-item\">> \u010cinnos\u0165 MsP<\/a><\/li>\n<li class=\"menu-item menu-item-type-post_type menu-item-object-page menu-item-188\"><a href=\"https:\/\/msp.surany.sk\/index.php\/historia-policii\/\" class=\"elementor-item\">> Hist\u00f3ria pol\u00edci\u00ed<\/a><\/li>\n<li class=\"menu-item menu-item-type-post_type menu-item-object-page menu-item-2104\"><a href=\"https:\/\/msp.surany.sk\/index.php\/organizacny-poriadok\/\" class=\"elementor-item\">> Organiza\u010dn\u00fd poriadok<\/a><\/li>\n<li class=\"menu-item menu-item-type-post_type menu-item-object-page menu-item-192\"><a href=\"https:\/\/msp.surany.sk\/index.php\/ochrana-osobnych-udajov\/\" class=\"elementor-item\">> Ochrana osobn\u00fdch \u00fadajov<\/a><\/li>\n<li class=\"menu-item menu-item-type-custom menu-item-object-custom menu-item-340\"><a href=\"https:\/\/surany.sk\/index.php\/povinne-zverejnovanie\/\" class=\"elementor-item\">> Povinn\u00e9 zverej\u0148ovanie<\/a><\/li>\n<li class=\"menu-item menu-item-type-post_type menu-item-object-page menu-item-2220\"><a href=\"https:\/\/msp.surany.sk\/index.php\/odkaz-nacelnikovi\/\" class=\"elementor-item\">> Odkaz n\u00e1\u010deln\u00edkovi<\/a><\/li>\n<\/ul>\t\t\t<\/nav>\n\t\t\t\t\t<div class=\"elementor-menu-toggle\" role=\"button\" tabindex=\"0\" aria-label=\"Menu Toggle\" aria-expanded=\"false\">\n\t\t\t<i aria-hidden=\"true\" role=\"presentation\" class=\"elementor-menu-toggle__icon--open eicon-menu-bar\"><\/i><i aria-hidden=\"true\" role=\"presentation\" class=\"elementor-menu-toggle__icon--close eicon-close\"><\/i>\t\t\t<span class=\"elementor-screen-only\">Menu<\/span>\n\t\t<\/div>\n\t\t\t<nav class=\"elementor-nav-menu--dropdown elementor-nav-menu__container\" role=\"navigation\" aria-hidden=\"true\">\n\t\t\t\t<ul id=\"menu-2-40988b3\" class=\"elementor-nav-menu sm-vertical\"><li class=\"menu-item menu-item-type-post_type menu-item-object-page menu-item-home menu-item-193\"><a href=\"https:\/\/msp.surany.sk\/\" class=\"elementor-item\" tabindex=\"-1\">> \u00davodn\u00e1 str\u00e1nka<\/a><\/li>\n<li class=\"menu-item menu-item-type-custom menu-item-object-custom menu-item-365\"><a href=\"https:\/\/msp.surany.sk\/index.php\/poznaj-svojho-policajta\/\" class=\"elementor-item\" tabindex=\"-1\">> Poznaj svojho policajta<\/a><\/li>\n<li class=\"menu-item menu-item-type-post_type menu-item-object-page menu-item-182\"><a href=\"https:\/\/msp.surany.sk\/index.php\/kontakty\/\" class=\"elementor-item\" tabindex=\"-1\">> Kontakty<\/a><\/li>\n<li class=\"menu-item menu-item-type-post_type menu-item-object-page menu-item-189\"><a href=\"https:\/\/msp.surany.sk\/index.php\/kamerovy-system\/\" class=\"elementor-item\" tabindex=\"-1\">> Kamerov\u00fd syst\u00e9m<\/a><\/li>\n<li class=\"menu-item menu-item-type-post_type menu-item-object-page menu-item-186\"><a href=\"https:\/\/msp.surany.sk\/index.php\/prava-a-povinnosti\/\" class=\"elementor-item\" tabindex=\"-1\">> Pr\u00e1va a povinnosti<\/a><\/li>\n<li class=\"menu-item menu-item-type-post_type menu-item-object-page menu-item-187\"><a href=\"https:\/\/msp.surany.sk\/index.php\/cinnost-msp\/\" class=\"elementor-item\" tabindex=\"-1\">> \u010cinnos\u0165 MsP<\/a><\/li>\n<li class=\"menu-item menu-item-type-post_type menu-item-object-page menu-item-188\"><a href=\"https:\/\/msp.surany.sk\/index.php\/historia-policii\/\" class=\"elementor-item\" tabindex=\"-1\">> Hist\u00f3ria pol\u00edci\u00ed<\/a><\/li>\n<li class=\"menu-item menu-item-type-post_type menu-item-object-page menu-item-2104\"><a href=\"https:\/\/msp.surany.sk\/index.php\/organizacny-poriadok\/\" class=\"elementor-item\" tabindex=\"-1\">> Organiza\u010dn\u00fd poriadok<\/a><\/li>\n<li class=\"menu-item menu-item-type-post_type menu-item-object-page menu-item-192\"><a href=\"https:\/\/msp.surany.sk\/index.php\/ochrana-osobnych-udajov\/\" class=\"elementor-item\" tabindex=\"-1\">> Ochrana osobn\u00fdch \u00fadajov<\/a><\/li>\n<li class=\"menu-item menu-item-type-custom menu-item-object-custom menu-item-340\"><a href=\"https:\/\/surany.sk\/index.php\/povinne-zverejnovanie\/\" class=\"elementor-item\" tabindex=\"-1\">> Povinn\u00e9 zverej\u0148ovanie<\/a><\/li>\n<li class=\"menu-item menu-item-type-post_type menu-item-object-page menu-item-2220\"><a href=\"https:\/\/msp.surany.sk\/index.php\/odkaz-nacelnikovi\/\" class=\"elementor-item\" tabindex=\"-1\">> Odkaz n\u00e1\u010deln\u00edkovi<\/a><\/li>\n<\/ul>\t\t\t<\/nav>\n\t\t\t\t<\/div>\n\t\t\t\t<\/div>\n\t\t\t\t\t\t<\/div>\n\t\t\t\t\t<\/div>\n\t\t<\/div>\n\t\t\t\t<div class=\"elementor-column elementor-col-50 elementor-inner-column elementor-element elementor-element-3ea74ed3\" data-id=\"3ea74ed3\" data-element_type=\"column\" data-settings=\"{&quot;background_background&quot;:&quot;classic&quot;}\">\n\t\t\t<div class=\"elementor-column-wrap elementor-element-populated\">\n\t\t\t\t\t\t\t<div class=\"elementor-widget-wrap\">\n\t\t\t\t\t\t<div class=\"elementor-element elementor-element-76fb40ac elementor-widget elementor-widget-heading\" data-id=\"76fb40ac\" data-element_type=\"widget\" data-widget_type=\"heading.default\">\n\t\t\t\t<div class=\"elementor-widget-container\">\n\t\t\t<h2 class=\"elementor-heading-title elementor-size-default\">...<\/h2>\t\t<\/div>\n\t\t\t\t<\/div>\n\t\t\t\t\t\t<\/div>\n\t\t\t\t\t<\/div>\n\t\t<\/div>\n\t\t\t\t\t\t\t\t<\/div>\n\t\t\t\t\t<\/div>\n\t\t<\/section>\n\t\t\t\t\t\t<\/div>\n\t\t\t\t\t<\/div>\n\t\t<\/div>\n\t\t\t\t\t\t\t\t<\/div>\n\t\t\t\t\t<\/div>\n\t\t<\/section>\n\t\t\t\t\t\t\t\t\t<\/div>\n\t\t\t<\/div>\n\t\t\t\t\t<\/div>\n\t\t","protected":false},"excerpt":{"rendered":"<p>&#8230;<\/p>\n","protected":false},"author":7,"featured_media":0,"parent":0,"menu_order":0,"comment_status":"closed","ping_status":"closed","template":"","meta":[],"_links":{"self":[{"href":"https:\/\/msp.surany.sk\/index.php\/wp-json\/wp\/v2\/pages\/162"}],"collection":[{"href":"https:\/\/msp.surany.sk\/index.php\/wp-json\/wp\/v2\/pages"}],"about":[{"href":"https:\/\/msp.surany.sk\/index.php\/wp-json\/wp\/v2\/types\/page"}],"author":[{"embeddable":true,"href":"https:\/\/msp.surany.sk\/index.php\/wp-json\/wp\/v2\/users\/7"}],"replies":[{"embeddable":true,"href":"https:\/\/msp.surany.sk\/index.php\/wp-json\/wp\/v2\/comments?post=162"}],"version-history":[{"count":5,"href":"https:\/\/msp.surany.sk\/index.php\/wp-json\/wp\/v2\/pages\/162\/revisions"}],"predecessor-version":[{"id":1634,"href":"https:\/\/msp.surany.sk\/index.php\/wp-json\/wp\/v2\/pages\/162\/revisions\/1634"}],"wp:attachment":[{"href":"https:\/\/msp.surany.sk\/index.php\/wp-json\/wp\/v2\/media?parent=162"}],"curies":[{"name":"wp","href":"https:\/\/api.w.org\/{rel}","templated":true}]}}