{"id":158,"date":"2019-05-12T12:33:55","date_gmt":"2019-05-12T10:33:55","guid":{"rendered":"https:\/\/msp.surany.sk\/?page_id=158"},"modified":"2023-02-11T12:22:46","modified_gmt":"2023-02-11T11:22:46","slug":"ochrana-osobnych-udajov","status":"publish","type":"page","link":"https:\/\/msp.surany.sk\/index.php\/ochrana-osobnych-udajov\/","title":{"rendered":"Ochrana osobn\u00fdch \u00fadajov"},"content":{"rendered":"\t\t<div data-elementor-type=\"wp-post\" data-elementor-id=\"158\" class=\"elementor elementor-158\">\n\t\t\t\t\t\t<div class=\"elementor-inner\">\n\t\t\t\t<div class=\"elementor-section-wrap\">\n\t\t\t\t\t\t\t\t\t<section class=\"elementor-section elementor-top-section elementor-element elementor-element-7a7d741c elementor-section-full_width elementor-section-height-default elementor-section-height-default\" data-id=\"7a7d741c\" data-element_type=\"section\" data-settings=\"{&quot;background_background&quot;:&quot;classic&quot;}\">\n\t\t\t\t\t\t<div class=\"elementor-container elementor-column-gap-no\">\n\t\t\t\t\t\t\t<div class=\"elementor-row\">\n\t\t\t\t\t<div class=\"elementor-column elementor-col-100 elementor-top-column elementor-element elementor-element-6125df9a\" data-id=\"6125df9a\" data-element_type=\"column\" data-settings=\"{&quot;background_background&quot;:&quot;classic&quot;}\">\n\t\t\t<div class=\"elementor-column-wrap elementor-element-populated\">\n\t\t\t\t\t\t\t<div class=\"elementor-widget-wrap\">\n\t\t\t\t\t\t<section class=\"elementor-section elementor-inner-section elementor-element elementor-element-2063ebc1 elementor-section-boxed elementor-section-height-default elementor-section-height-default\" data-id=\"2063ebc1\" data-element_type=\"section\" data-settings=\"{&quot;background_background&quot;:&quot;classic&quot;}\">\n\t\t\t\t\t\t<div class=\"elementor-container elementor-column-gap-no\">\n\t\t\t\t\t\t\t<div class=\"elementor-row\">\n\t\t\t\t\t<div class=\"elementor-column elementor-col-50 elementor-inner-column elementor-element elementor-element-313b092\" data-id=\"313b092\" data-element_type=\"column\" data-settings=\"{&quot;background_background&quot;:&quot;classic&quot;}\">\n\t\t\t<div class=\"elementor-column-wrap elementor-element-populated\">\n\t\t\t\t\t\t\t<div class=\"elementor-widget-wrap\">\n\t\t\t\t\t\t<div class=\"elementor-element elementor-element-2d293e6 elementor-nav-menu--dropdown-tablet elementor-nav-menu__text-align-aside elementor-nav-menu--toggle elementor-nav-menu--burger elementor-widget elementor-widget-nav-menu\" data-id=\"2d293e6\" data-element_type=\"widget\" data-settings=\"{&quot;layout&quot;:&quot;vertical&quot;,&quot;submenu_icon&quot;:{&quot;value&quot;:&quot;&lt;i class=\\&quot;\\&quot;&gt;&lt;\\\/i&gt;&quot;,&quot;library&quot;:&quot;&quot;},&quot;toggle&quot;:&quot;burger&quot;}\" data-widget_type=\"nav-menu.default\">\n\t\t\t\t<div class=\"elementor-widget-container\">\n\t\t\t\t\t\t<nav migration_allowed=\"1\" migrated=\"0\" role=\"navigation\" class=\"elementor-nav-menu--main elementor-nav-menu__container elementor-nav-menu--layout-vertical e--pointer-background e--animation-fade\">\n\t\t\t\t<ul id=\"menu-1-2d293e6\" class=\"elementor-nav-menu sm-vertical\"><li class=\"menu-item menu-item-type-post_type menu-item-object-page menu-item-home menu-item-193\"><a href=\"https:\/\/msp.surany.sk\/\" class=\"elementor-item\">> \u00davodn\u00e1 str\u00e1nka<\/a><\/li>\n<li class=\"menu-item menu-item-type-custom menu-item-object-custom menu-item-365\"><a href=\"https:\/\/msp.surany.sk\/index.php\/poznaj-svojho-policajta\/\" class=\"elementor-item\">> Poznaj svojho policajta<\/a><\/li>\n<li class=\"menu-item menu-item-type-post_type menu-item-object-page menu-item-182\"><a href=\"https:\/\/msp.surany.sk\/index.php\/kontakty\/\" class=\"elementor-item\">> Kontakty<\/a><\/li>\n<li class=\"menu-item menu-item-type-post_type menu-item-object-page menu-item-189\"><a href=\"https:\/\/msp.surany.sk\/index.php\/kamerovy-system\/\" class=\"elementor-item\">> Kamerov\u00fd syst\u00e9m<\/a><\/li>\n<li class=\"menu-item menu-item-type-post_type menu-item-object-page menu-item-186\"><a href=\"https:\/\/msp.surany.sk\/index.php\/prava-a-povinnosti\/\" class=\"elementor-item\">> Pr\u00e1va a povinnosti<\/a><\/li>\n<li class=\"menu-item menu-item-type-post_type menu-item-object-page menu-item-187\"><a href=\"https:\/\/msp.surany.sk\/index.php\/cinnost-msp\/\" class=\"elementor-item\">> \u010cinnos\u0165 MsP<\/a><\/li>\n<li class=\"menu-item menu-item-type-post_type menu-item-object-page menu-item-188\"><a href=\"https:\/\/msp.surany.sk\/index.php\/historia-policii\/\" class=\"elementor-item\">> Hist\u00f3ria pol\u00edci\u00ed<\/a><\/li>\n<li class=\"menu-item menu-item-type-post_type menu-item-object-page menu-item-2104\"><a href=\"https:\/\/msp.surany.sk\/index.php\/organizacny-poriadok\/\" class=\"elementor-item\">> Organiza\u010dn\u00fd poriadok<\/a><\/li>\n<li class=\"menu-item menu-item-type-post_type menu-item-object-page menu-item-192\"><a href=\"https:\/\/msp.surany.sk\/index.php\/ochrana-osobnych-udajov\/\" class=\"elementor-item\">> Ochrana osobn\u00fdch \u00fadajov<\/a><\/li>\n<li class=\"menu-item menu-item-type-custom menu-item-object-custom menu-item-340\"><a href=\"https:\/\/surany.sk\/index.php\/povinne-zverejnovanie\/\" class=\"elementor-item\">> Povinn\u00e9 zverej\u0148ovanie<\/a><\/li>\n<li class=\"menu-item menu-item-type-post_type menu-item-object-page menu-item-2220\"><a href=\"https:\/\/msp.surany.sk\/index.php\/odkaz-nacelnikovi\/\" class=\"elementor-item\">> Odkaz n\u00e1\u010deln\u00edkovi<\/a><\/li>\n<\/ul>\t\t\t<\/nav>\n\t\t\t\t\t<div class=\"elementor-menu-toggle\" role=\"button\" tabindex=\"0\" aria-label=\"Menu Toggle\" aria-expanded=\"false\">\n\t\t\t<i aria-hidden=\"true\" role=\"presentation\" class=\"elementor-menu-toggle__icon--open eicon-menu-bar\"><\/i><i aria-hidden=\"true\" role=\"presentation\" class=\"elementor-menu-toggle__icon--close eicon-close\"><\/i>\t\t\t<span class=\"elementor-screen-only\">Menu<\/span>\n\t\t<\/div>\n\t\t\t<nav class=\"elementor-nav-menu--dropdown elementor-nav-menu__container\" role=\"navigation\" aria-hidden=\"true\">\n\t\t\t\t<ul id=\"menu-2-2d293e6\" class=\"elementor-nav-menu sm-vertical\"><li class=\"menu-item menu-item-type-post_type menu-item-object-page menu-item-home menu-item-193\"><a href=\"https:\/\/msp.surany.sk\/\" class=\"elementor-item\" tabindex=\"-1\">> \u00davodn\u00e1 str\u00e1nka<\/a><\/li>\n<li class=\"menu-item menu-item-type-custom menu-item-object-custom menu-item-365\"><a href=\"https:\/\/msp.surany.sk\/index.php\/poznaj-svojho-policajta\/\" class=\"elementor-item\" tabindex=\"-1\">> Poznaj svojho policajta<\/a><\/li>\n<li class=\"menu-item menu-item-type-post_type menu-item-object-page menu-item-182\"><a href=\"https:\/\/msp.surany.sk\/index.php\/kontakty\/\" class=\"elementor-item\" tabindex=\"-1\">> Kontakty<\/a><\/li>\n<li class=\"menu-item menu-item-type-post_type menu-item-object-page menu-item-189\"><a href=\"https:\/\/msp.surany.sk\/index.php\/kamerovy-system\/\" class=\"elementor-item\" tabindex=\"-1\">> Kamerov\u00fd syst\u00e9m<\/a><\/li>\n<li class=\"menu-item menu-item-type-post_type menu-item-object-page menu-item-186\"><a href=\"https:\/\/msp.surany.sk\/index.php\/prava-a-povinnosti\/\" class=\"elementor-item\" tabindex=\"-1\">> Pr\u00e1va a povinnosti<\/a><\/li>\n<li class=\"menu-item menu-item-type-post_type menu-item-object-page menu-item-187\"><a href=\"https:\/\/msp.surany.sk\/index.php\/cinnost-msp\/\" class=\"elementor-item\" tabindex=\"-1\">> \u010cinnos\u0165 MsP<\/a><\/li>\n<li class=\"menu-item menu-item-type-post_type menu-item-object-page menu-item-188\"><a href=\"https:\/\/msp.surany.sk\/index.php\/historia-policii\/\" class=\"elementor-item\" tabindex=\"-1\">> Hist\u00f3ria pol\u00edci\u00ed<\/a><\/li>\n<li class=\"menu-item menu-item-type-post_type menu-item-object-page menu-item-2104\"><a href=\"https:\/\/msp.surany.sk\/index.php\/organizacny-poriadok\/\" class=\"elementor-item\" tabindex=\"-1\">> Organiza\u010dn\u00fd poriadok<\/a><\/li>\n<li class=\"menu-item menu-item-type-post_type menu-item-object-page menu-item-192\"><a href=\"https:\/\/msp.surany.sk\/index.php\/ochrana-osobnych-udajov\/\" class=\"elementor-item\" tabindex=\"-1\">> Ochrana osobn\u00fdch \u00fadajov<\/a><\/li>\n<li class=\"menu-item menu-item-type-custom menu-item-object-custom menu-item-340\"><a href=\"https:\/\/surany.sk\/index.php\/povinne-zverejnovanie\/\" class=\"elementor-item\" tabindex=\"-1\">> Povinn\u00e9 zverej\u0148ovanie<\/a><\/li>\n<li class=\"menu-item menu-item-type-post_type menu-item-object-page menu-item-2220\"><a href=\"https:\/\/msp.surany.sk\/index.php\/odkaz-nacelnikovi\/\" class=\"elementor-item\" tabindex=\"-1\">> Odkaz n\u00e1\u010deln\u00edkovi<\/a><\/li>\n<\/ul>\t\t\t<\/nav>\n\t\t\t\t<\/div>\n\t\t\t\t<\/div>\n\t\t\t\t\t\t<\/div>\n\t\t\t\t\t<\/div>\n\t\t<\/div>\n\t\t\t\t<div class=\"elementor-column elementor-col-50 elementor-inner-column elementor-element elementor-element-2ce8affe\" data-id=\"2ce8affe\" data-element_type=\"column\" data-settings=\"{&quot;background_background&quot;:&quot;classic&quot;}\">\n\t\t\t<div class=\"elementor-column-wrap elementor-element-populated\">\n\t\t\t\t\t\t\t<div class=\"elementor-widget-wrap\">\n\t\t\t\t\t\t<div class=\"elementor-element elementor-element-246b0f7 elementor-widget elementor-widget-text-editor\" data-id=\"246b0f7\" data-element_type=\"widget\" data-widget_type=\"text-editor.default\">\n\t\t\t\t<div class=\"elementor-widget-container\">\n\t\t\t\t\t\t\t\t<div class=\"elementor-text-editor elementor-clearfix\">\n\t\t\t\t<h2><span style=\"color: #000000;\">Ochrana osobn\u00fdch \u00fadajov<\/span><\/h2><hr \/><p><span style=\"color: #000000;\"><strong>\u010cO ZNAMEN\u00c1 GDPR?<\/strong><\/span><\/p><p><span style=\"color: #000000;\">Ide o nov\u00fd pr\u00e1vny predpis v oblasti ochrany osobn\u00fdch \u00fadajov (General Data Protection Regulation), \u00fa\u010dinn\u00fd od 25. m\u00e1ja 2018.<\/span><\/p><p><span style=\"color: #000000;\"><strong>Mesto \u0160urany zhroma\u017e\u010fuje, spracov\u00e1va a pou\u017e\u00edva osobn\u00e9 \u00fadaje v s\u00falade s Nariaden\u00edm Eur\u00f3pskeho parlamentu a rady (E\u00da) 2016\/679 z 27.04.2016 o ochrane fyzick\u00fdch os\u00f4b pri sprac\u00favan\u00ed osobn\u00fdch \u00fadajov a o vo\u013enom pohybe tak\u00fdchto \u00fadajov a so z\u00e1konom \u010d. 18\/2018 Z.z. o ochrane osobn\u00fdch \u00fadajov a rob\u00ed v\u0161etko potrebn\u00e9 tak, aby zabezpe\u010dila s\u00falad s t\u00fdmito pr\u00e1vnymi predpismi.<\/strong><\/span><\/p><p><span style=\"text-decoration: underline;\"><a href=\"https:\/\/gdpr.somi.sk\/index.php?id=22\" target=\"_blank\" rel=\"noopener\"><span style=\"color: #ff0000; text-decoration: underline;\"><strong>Viac inform\u00e1ci\u00ed tu<\/strong> (prejs\u0165 kliknut\u00edm)<\/span><\/a><\/span><\/p>\t\t\t\t\t<\/div>\n\t\t\t\t\t\t<\/div>\n\t\t\t\t<\/div>\n\t\t\t\t<div class=\"elementor-element elementor-element-b6591c7 elementor-widget elementor-widget-image\" data-id=\"b6591c7\" data-element_type=\"widget\" data-widget_type=\"image.default\">\n\t\t\t\t<div class=\"elementor-widget-container\">\n\t\t\t\t\t\t\t\t<div class=\"elementor-image\">\n\t\t\t\t\t\t\t\t\t\t\t\t<img width=\"640\" height=\"373\" src=\"https:\/\/msp.surany.sk\/wp-content\/uploads\/2019\/06\/GDPR.jpg\" class=\"attachment-large size-large\" alt=\"\" loading=\"lazy\" srcset=\"https:\/\/msp.surany.sk\/wp-content\/uploads\/2019\/06\/GDPR.jpg 640w, https:\/\/msp.surany.sk\/wp-content\/uploads\/2019\/06\/GDPR-300x175.jpg 300w\" sizes=\"(max-width: 640px) 100vw, 640px\" \/>\t\t\t\t\t\t\t\t\t\t\t\t\t\t<\/div>\n\t\t\t\t\t\t<\/div>\n\t\t\t\t<\/div>\n\t\t\t\t\t\t<\/div>\n\t\t\t\t\t<\/div>\n\t\t<\/div>\n\t\t\t\t\t\t\t\t<\/div>\n\t\t\t\t\t<\/div>\n\t\t<\/section>\n\t\t\t\t\t\t<\/div>\n\t\t\t\t\t<\/div>\n\t\t<\/div>\n\t\t\t\t\t\t\t\t<\/div>\n\t\t\t\t\t<\/div>\n\t\t<\/section>\n\t\t\t\t\t\t\t\t\t<\/div>\n\t\t\t<\/div>\n\t\t\t\t\t<\/div>\n\t\t","protected":false},"excerpt":{"rendered":"<p>Ochrana osobn\u00fdch \u00fadajov \u010cO ZNAMEN\u00c1 GDPR? Ide o nov\u00fd pr\u00e1vny predpis v oblasti ochrany osobn\u00fdch \u00fadajov (General Data Protection Regulation), \u00fa\u010dinn\u00fd od 25. m\u00e1ja 2018. Mesto \u0160urany zhroma\u017e\u010fuje, spracov\u00e1va a pou\u017e\u00edva osobn\u00e9 \u00fadaje v s\u00falade s Nariaden\u00edm Eur\u00f3pskeho parlamentu a rady (E\u00da) 2016\/679 z 27.04.2016 o ochrane fyzick\u00fdch os\u00f4b pri sprac\u00favan\u00ed osobn\u00fdch \u00fadajov a o [&hellip;]<\/p>\n","protected":false},"author":7,"featured_media":0,"parent":0,"menu_order":0,"comment_status":"closed","ping_status":"closed","template":"","meta":[],"_links":{"self":[{"href":"https:\/\/msp.surany.sk\/index.php\/wp-json\/wp\/v2\/pages\/158"}],"collection":[{"href":"https:\/\/msp.surany.sk\/index.php\/wp-json\/wp\/v2\/pages"}],"about":[{"href":"https:\/\/msp.surany.sk\/index.php\/wp-json\/wp\/v2\/types\/page"}],"author":[{"embeddable":true,"href":"https:\/\/msp.surany.sk\/index.php\/wp-json\/wp\/v2\/users\/7"}],"replies":[{"embeddable":true,"href":"https:\/\/msp.surany.sk\/index.php\/wp-json\/wp\/v2\/comments?post=158"}],"version-history":[{"count":8,"href":"https:\/\/msp.surany.sk\/index.php\/wp-json\/wp\/v2\/pages\/158\/revisions"}],"predecessor-version":[{"id":1637,"href":"https:\/\/msp.surany.sk\/index.php\/wp-json\/wp\/v2\/pages\/158\/revisions\/1637"}],"wp:attachment":[{"href":"https:\/\/msp.surany.sk\/index.php\/wp-json\/wp\/v2\/media?parent=158"}],"curies":[{"name":"wp","href":"https:\/\/api.w.org\/{rel}","templated":true}]}}